{"id":15,"date":"2008-10-19T02:29:10","date_gmt":"2008-10-19T05:29:10","guid":{"rendered":"http:\/\/localhost\/sochob\/?page_id=10"},"modified":"2008-11-30T11:55:33","modified_gmt":"2008-11-30T16:55:33","slug":"links-de-interes","status":"publish","type":"page","link":"https:\/\/www.sochob.cl\/web\/links-de-interes\/","title":{"rendered":"Sitios de Inter\u00e9s"},"content":{"rendered":"<p>\u2022   <a href=\"http:\/\/www.minsal.cl \" target=\"_blank\"> www.minsal.cl<\/a> (Ministerio de Salud)<\/p>\n<p>\u2022 <a href=\"http:\/\/webhosting.redsalud.gov.cl\/minsal\/temas_salud\/proteccion\/nutricion\" target=\"_blank\">http:\/\/webhosting.redsalud.gov.cl\/minsal\/temas_salud\/proteccion\/nutricion<\/a> (Departamento de Alimentos y Nutrici\u00f3n, Ministerio de Salud, Chile)<\/p>\n<p>\u2022 <a href=\"http:\/\/sistemas.junaeb.cl\/estadosnutricionales_2007\/index2.php\" target=\"_blank\">http:\/\/sistemas.junaeb.cl\/estadosnutricionales_2007\/index2.php<\/a> (Situaci\u00f3n Nutricional de los Escolares Chilenos de Primero B\u00e1sico, Junta Nacional de Auxilio Escolar y Becas \u2013JUNAEB-).<\/p>\n<p>\u2022  <a href=\"http:\/\/www.vivirsanoespulento.cl\" target=\"_blank\">www.vivirsanoespulento.cl<\/a> (Vivir Sano es Pulento)<\/p>\n<p>\u2022  <a href=\"http:\/\/www.inta.cl\" target=\"_blank\">www.inta.cl<\/a> (Instituto de Nutrici\u00f3n y Tecnolog\u00eda de los Alimentos de la Universidad de Chile)<\/p>\n<p>\u2022  <a href=\"http:\/\/www.pam-chile.cl\" target=\"_blank\">www.pam-chile.cl<\/a> (PAM &#8211; Chile \u201cPrograma Alimentario Mediterr\u00e1neo en Chile\u201d, de la Pontifica Universidad Cat\u00f3lica de Chile)<\/p>\n<p>\u2022  <a href=\"http:\/\/www.5aldiachile.cl\" target=\"_blank\">www.5aldiachile.cl<\/a> (Programa 5 al d\u00eda, Corporaci\u00f3n 5 al d\u00eda)<\/p>\n<p>\u2022  <a href=\"http:\/\/www.conar.cl\" target=\"_blank\">www.conar.cl<\/a> (Corporaci\u00f3n de Autorregulaci\u00f3n y \u00c9tica Publicitaria \u2013CONAR-)<\/p>\n<p>\u2022  <a href=\"http:\/\/www.crececontigo.cl\" target=\"_blank\">www.crececontigo.cl<\/a> (Chile Crece Contigo)<\/p>\n<p>\u2022  <a href=\"http:\/\/www.accionrse.cl\/app01\/home\/accChile.html\" target=\"_blank\">www.accionrse.cl\/app01\/home\/accChile.html<\/a> (NutriRSE)<\/p>\n<p>\u2022  <a href=\"http:\/\/www.alimentatusalud.cl\" target=\"_blank\">www.alimentatusalud.cl<\/a> (Alimenta tu Salud)<\/p>\n<p>\u2022  <a href=\"http:\/\/www.bicicultura.cl\" target=\"_blank\">www.bicicultura.cl<\/a> (Bicicultura)<\/p>\n<p>\u2022  <a href=\"http:\/\/www.paho.org\/default_spa.htm\" target=\"_blank\">www.paho.org\/default_spa.htm<\/a> (Organizaci\u00f3n Panamericana de la Salud \u2013OPS-)<\/p>\n<p>\u2022  <a href=\"http:\/\/www.dpaslac.org\" target=\"_blank\">www.dpaslac.org<\/a> (Campa\u00f1a OPS \u00a1A comer sano, a moverse Am\u00e9rica!)<\/p>\n<p>\u2022  <a href=\"http:\/\/www.rafapana.org\" target=\"_blank\">www.rafapana.org<\/a> (Red de Actividad F\u00edsica de las Am\u00e9ricas -RAFA-PANA-)<\/p>\n<p>\u2022  <a href=\"http:\/\/www.consumer.es\/alimentacion\" target=\"_blank\">www.consumer.es\/alimentacion<\/a> (Revista Consumer Espa\u00f1a, Fundaci\u00f3n Eroski)<\/p>\n<p>\u2022  <a href=\"http:\/\/www.aesan.msc.es\" target=\"_blank\">www.aesan.msc.es<\/a> (Agencia Espa\u00f1ola de Seguridad Alimentaria y Nutrici\u00f3n)<\/p>\n<p>\u2022  <a href=\"http:\/\/www.alimentacion-sana.org\" target=\"_blank\">www.alimentacion-sana.org<\/a> (Alimentaci\u00f3n Sana)<\/p>\n<p>\u2022  <a href=\"http:\/\/www.uned.es\/pea-nutricion-y-dietetica-I\/guia\/indice.htm\" target=\"_blank\">www.uned.es\/pea-nutricion-y-dietetica-I\/guia\/indice.htm<\/a> (Nutrici\u00f3n y Diet\u00e9tica)<\/p>\n<p>\u2022  <a href=\"http:\/\/www.padresok.com\/paginas\/Home.cfm?x=1\" target=\"_blank\">www.padresok.com\/paginas\/Home.cfm?x=1<\/a> (Padres OK)<\/p>\n<p>\u2022  <a href=\"http:\/\/www.puntovital.cl\" target=\"_blank\">www.puntovital.cl<\/a> (Punto Vital)<\/p>\n<p>\u2022  <a href=\"http:\/\/www.innatia.com\/s\/c-alimentacion-sana.html\" target=\"_blank\">www.innatia.com\/s\/c-alimentacion-sana.html<\/a> (Innatia)<\/p>\n<p>\u2022  <a href=\"http:\/\/www.consumer.es\" target=\"_blank\">www.consumer.es<\/a> (Consumer Eroski)<\/p>\n<p>\u2022  <a href=\"http:\/\/www.alimentacion-mexico.com\" target=\"_blank\">www.alimentacion-mexico.com<\/a> (Alimentaci\u00f3n Sana M\u00e9xico)<\/p>\n<p>\u2022  <a href=\"http:\/\/ www.naturalinea.com\/newsItem.asp?id=356 \" target=\"_blank\"> www.naturalinea.com\/newsItem.asp?id=356 <\/a>(Natural\u00ednea)<\/p>\n<p>\u2022  <a href=\"http:\/\/ www.naturalinea.com\/newsItem.asp?id=356 \" target=\"_blank\">www.naturalinea.com\/newsItem.asp?id=356<\/a> (Nutrigu\u00eda)<\/p>\n<p>\u2022  <a href=\"http:\/\/ www.naturalinea.com\/newsItem.asp?id=356 \" target=\"_blank\"> www.naturalinea.com\/newsItem.asp?id=356<\/a> (ABCDietas.com)<\/p>\n<p>\u2022  <a href=\"http:\/\/ www.naturalinea.com\/newsItem.asp?id=356 \" target=\"_blank\">www.naturalinea.com\/newsItem.asp?id=356<\/a> (Dietas.com)<\/p>\n","protected":false},"excerpt":{"rendered":"<p>\u2022 www.minsal.cl (Ministerio de Salud) \u2022 http:\/\/webhosting.redsalud.gov.cl\/minsal\/temas_salud\/proteccion\/nutricion (Departamento de Alimentos y Nutrici\u00f3n, Ministerio de Salud, Chile) \u2022 http:\/\/sistemas.junaeb.cl\/estadosnutricionales_2007\/index2.php (Situaci\u00f3n Nutricional de los Escolares Chilenos de Primero B\u00e1sico, Junta Nacional de Auxilio Escolar y Becas \u2013JUNAEB-). \u2022 www.vivirsanoespulento.cl (Vivir Sano es Pulento) \u2022 www.inta.cl (Instituto de Nutrici\u00f3n y Tecnolog\u00eda de los Alimentos de la Universidad de [&hellip;]<\/p>\n","protected":false},"author":1,"featured_media":0,"parent":0,"menu_order":6,"comment_status":"closed","ping_status":"closed","template":"","meta":{"footnotes":""},"class_list":["post-15","page","type-page","status-publish","hentry"],"_links":{"self":[{"href":"https:\/\/www.sochob.cl\/web\/wp-json\/wp\/v2\/pages\/15","targetHints":{"allow":["GET"]}}],"collection":[{"href":"https:\/\/www.sochob.cl\/web\/wp-json\/wp\/v2\/pages"}],"about":[{"href":"https:\/\/www.sochob.cl\/web\/wp-json\/wp\/v2\/types\/page"}],"author":[{"embeddable":true,"href":"https:\/\/www.sochob.cl\/web\/wp-json\/wp\/v2\/users\/1"}],"replies":[{"embeddable":true,"href":"https:\/\/www.sochob.cl\/web\/wp-json\/wp\/v2\/comments?post=15"}],"version-history":[{"count":30,"href":"https:\/\/www.sochob.cl\/web\/wp-json\/wp\/v2\/pages\/15\/revisions"}],"predecessor-version":[{"id":1017,"href":"https:\/\/www.sochob.cl\/web\/wp-json\/wp\/v2\/pages\/15\/revisions\/1017"}],"wp:attachment":[{"href":"https:\/\/www.sochob.cl\/web\/wp-json\/wp\/v2\/media?parent=15"}],"curies":[{"name":"wp","href":"https:\/\/api.w.org\/{rel}","templated":true}]}}