{"id":22,"date":"2008-10-19T13:20:12","date_gmt":"2008-10-19T16:20:12","guid":{"rendered":"http:\/\/localhost\/sochob\/?page_id=18"},"modified":"2008-11-27T13:11:07","modified_gmt":"2008-11-27T18:11:07","slug":"quienes-somos","status":"publish","type":"page","link":"https:\/\/www.sochob.cl\/web\/informacion-2\/quienes-somos\/","title":{"rendered":"Quienes Somos"},"content":{"rendered":"<h3>Misi\u00f3n:<\/h3>\n<p>La Sociedad Chilena de Obesidad es una Corporaci\u00f3n sin fines de lucro cuya misi\u00f3n es educar, promover e intercambiar, conocimientos y experiencias acerca de la Obesidad y sus patolog\u00edas asociadas, con profesionales nacionales e internacionales expertos en estas materias, tanto en el sector cient\u00edfico-m\u00e9dico como en el p\u00fablico general.<\/p>\n<h3>Visi\u00f3n:<\/h3>\n<p>Nuestra visi\u00f3n es ser una Sociedad Cient\u00edfica l\u00edder en el pa\u00eds en el estudio de la Obesidad y sus enfermedades relacionadas, por su compromiso en el \u00e1rea de la docencia y la capacitaci\u00f3n de profesionales de la salud de Chile y del resto del mundo, a trav\u00e9s de un equipo de m\u00e9dicos altamente capacitados, de excelencia y de reconocimiento a nivel global.<\/p>\n<h3>Objetivos:<\/h3>\n<p>\u2022\u00a0\u00a0\u00a0 Mejorar la percepci\u00f3n ciudadana acerca de la importancia de adquirir un estilo de vida saludable.<\/p>\n<p>\u2022\u00a0\u00a0\u00a0 Desarrollar una campa\u00f1a de educaci\u00f3n p\u00fablica para concientizar a la poblaci\u00f3n y a las autoridades pertinentes respecto a la implantaci\u00f3n de medidas eficaces que promuevan h\u00e1bitos de vida sanos y que produzcan una reducci\u00f3n de las cifras de Obesidad en el pa\u00eds.<\/p>\n<p>\u2022\u00a0\u00a0\u00a0 \u00a0Crear una agrupaci\u00f3n de m\u00e9dicos y otros profesionales de la salud, legisladores, empresarios y comunidad en general, que trabajen en conjunto para alcanzar esta meta.<\/p>\n<p>\u2022\u00a0\u00a0\u00a0 Identificar m\u00e9todos de reducci\u00f3n de la Obesidad que sean sensibles en la poblaci\u00f3n chilena, que funcionen y que puedan ser promovidos al interior de ella.<\/p>\n","protected":false},"excerpt":{"rendered":"<p>Misi\u00f3n: La Sociedad Chilena de Obesidad es una Corporaci\u00f3n sin fines de lucro cuya misi\u00f3n es educar, promover e intercambiar, conocimientos y experiencias acerca de la Obesidad y sus patolog\u00edas asociadas, con profesionales nacionales e internacionales expertos en estas materias, tanto en el sector cient\u00edfico-m\u00e9dico como en el p\u00fablico general. Visi\u00f3n: Nuestra visi\u00f3n es ser [&hellip;]<\/p>\n","protected":false},"author":1,"featured_media":0,"parent":5,"menu_order":1,"comment_status":"closed","ping_status":"closed","template":"","meta":{"footnotes":""},"class_list":["post-22","page","type-page","status-publish","hentry"],"_links":{"self":[{"href":"https:\/\/www.sochob.cl\/web\/wp-json\/wp\/v2\/pages\/22","targetHints":{"allow":["GET"]}}],"collection":[{"href":"https:\/\/www.sochob.cl\/web\/wp-json\/wp\/v2\/pages"}],"about":[{"href":"https:\/\/www.sochob.cl\/web\/wp-json\/wp\/v2\/types\/page"}],"author":[{"embeddable":true,"href":"https:\/\/www.sochob.cl\/web\/wp-json\/wp\/v2\/users\/1"}],"replies":[{"embeddable":true,"href":"https:\/\/www.sochob.cl\/web\/wp-json\/wp\/v2\/comments?post=22"}],"version-history":[{"count":6,"href":"https:\/\/www.sochob.cl\/web\/wp-json\/wp\/v2\/pages\/22\/revisions"}],"predecessor-version":[{"id":950,"href":"https:\/\/www.sochob.cl\/web\/wp-json\/wp\/v2\/pages\/22\/revisions\/950"}],"up":[{"embeddable":true,"href":"https:\/\/www.sochob.cl\/web\/wp-json\/wp\/v2\/pages\/5"}],"wp:attachment":[{"href":"https:\/\/www.sochob.cl\/web\/wp-json\/wp\/v2\/media?parent=22"}],"curies":[{"name":"wp","href":"https:\/\/api.w.org\/{rel}","templated":true}]}}