{"id":38,"date":"2008-10-20T02:12:58","date_gmt":"2008-10-20T00:12:58","guid":{"rendered":"http:\/\/www.sochob.cl\/web\/?page_id=38"},"modified":"2008-11-11T05:15:37","modified_gmt":"2008-11-11T03:15:37","slug":"informacion-adicional","status":"publish","type":"page","link":"https:\/\/www.sochob.cl\/web\/informacion-2\/informacion-adicional\/","title":{"rendered":"Informaci\u00f3n General"},"content":{"rendered":"<p><img loading=\"lazy\" decoding=\"async\" class=\"alignleft size-medium wp-image-588\" title=\"logo_sochob_old\" src=\"https:\/\/www.sochob.cl\/web\/wp-content\/uploads\/2008\/11\/logo_sochob_old.jpg\" alt=\"\" width=\"110\" height=\"105\" \/><\/p>\n<p style=\"text-align: justify;\">En 1984, un grupo de m\u00e9dicos dedicados a la Obesidad, fundan una Corporaci\u00f3n Cient\u00edfica-M\u00e9dica para agrupar a todos aquellos profesionales de la salud que se relacionan con     el manejo de esta \u201cepidemia del siglo XXI\u201d. Es as\u00ed como nace la Sociedad Chilena de Obesidad -SOCHOB-, pionera en Chile en el estudio de la prevalencia, diagn\u00f3stico y tratamiento del sobrepeso y de la Obesidad.<\/p>\n<p>A partir de su creaci\u00f3n en 1984, la SOCHOB se convierte en Corporaci\u00f3n Hu\u00e9sped del Colegio M\u00e9dico de Chile A.G. y, durante ese mismo a\u00f1o, pasa a ser Miembro de las Sociedades Cient\u00edficas de Chile.<\/p>\n<p>En 1990 se realiza en nuestro pa\u00eds el Primer Congreso Latinoamericano de Obesidad y en \u00e9l se crea, a instancia del Dr. V\u00edctor Saavedra Gajardo, en ese entonces Presidente de la SOCHOB, la Federaci\u00f3n Latinoamericana de Sociedades de Obesidad \u2013FLASO-, que agrupa a 18 pa\u00edses de Am\u00e9rica Latina, y que fue liderada por \u00e9l en sus dos primeros a\u00f1os de vida.<\/p>\n<p><img loading=\"lazy\" decoding=\"async\" class=\"alignright size-medium wp-image-590\" title=\"logo_flaso\" src=\"https:\/\/www.sochob.cl\/web\/wp-content\/uploads\/2008\/11\/logo_flaso.jpg\" alt=\"\" width=\"110\" height=\"102\" \/>Los pa\u00edses miembros de la FLASO son: Argentina, Brasil, Chile, Colombia, Costa Rica, Cuba, Ecuador, El Salvador, Guatemala, Honduras, Nicaragua, Panam\u00e1, Paraguay, Per\u00fa, Puerto Rico, Rep\u00fablica Dominicana, Uruguay y Venezuela.<\/p>\n<p>Cabe destacar que el Dr. Saavedra es el actual Presidente de nuestra Corporaci\u00f3n.<\/p>\n<p>En 1993 y como Representante de Chile, la SOCHOB ingresa a la Internacional Association for the Study of Obesity \u2013IASO-, formando parte de su Consejo General.<\/p>\n<p><img loading=\"lazy\" decoding=\"async\" class=\"alignleft size-medium wp-image-592\" title=\"logo_iaso1\" src=\"https:\/\/www.sochob.cl\/web\/wp-content\/uploads\/2008\/11\/logo_iaso1.jpg\" alt=\"\" width=\"110\" height=\"59\" \/>La IASO concentra a las siguientes cuatro agrupaciones internacionales: La North American Association for Study of Obesity \u2013NASO-; la European Association for Study of Obesity \u2013EASO-; la  Asian Association for Study of Obesity AASO \u2013, y la FLASO.<\/p>\n<p>Desde sus inicios hasta hoy, la Sociedad Chilena de Obesidad ha sido l\u00edder en la educaci\u00f3n e intercambio de conocimientos y experiencias con profesionales altamente capacitados y reconocidos a nivel mundial. Asimismo, ha marcado la diferencia por medio de sus publicaciones cient\u00edficas, su nivel de entrega comunitaria y educacional, y su desarrollo profesional orientado a controlar y disminuir este grave flagelo que afecta tanto a Chile como a muchos otros pa\u00edses del mundo.<\/p>\n<p><img loading=\"lazy\" decoding=\"async\" class=\"alignleft size-full wp-image-652\" title=\"xcongreso\" src=\"https:\/\/www.sochob.cl\/web\/wp-content\/uploads\/2008\/11\/xcongreso.jpg\" alt=\"\" width=\"110\" height=\"131\" \/>Para esto, a\u00f1o a a\u00f1o desarrolla diversos Cursos, Seminarios, Simposios y Reuniones Cient\u00edficas a lo largo de todo el pa\u00eds, que re\u00fanen a destacados profesionales de la salud en el campo de la Obesidad y sus patolog\u00edas asociadas. Adem\u00e1s, la Corporaci\u00f3n organiza todos los a\u00f1os un Congreso Internacional de Obesidad de gran envergadura, por su alta convocatoria y calidad cient\u00edfica.<\/p>\n<p>El notable \u00e9xito obtenido en el X Congreso Internacional de Obesidad por ejemplo, que fue recientemente organizado por la SOCHOB en el mes de Agosto en el Hotel Sheraton-Santiago, aument\u00f3 en un 80% el n\u00famero de asistentes con respecto al a\u00f1o 2007.<\/p>\n<p>Del mismo modo, las cifras difundidas sobre el alarmante aumento de los \u00edndices de Obesidad y sobrepeso que se han registrado en Chile en estos \u00faltimos a\u00f1os, han obligado a la Sociedad Chilena de Obesidad a abrirse a la Comunidad con el objetivo de educar y orientar a la poblaci\u00f3n para detener y disminuir este grave flagelo que afecta a 3 de cada 5 chilenos hoy en d\u00eda.<\/p>\n<p>Lo anterior, sumado a que la Obesidad y sus patolog\u00edas asociadas son la primera causa de muerte del pa\u00eds y a los enormes costos que esta epidemia significa, tanto para la familia, como para las instituciones y el Estado, hacen imperativo que la SOCHOB se oriente, adem\u00e1s del quehacer en el campo cient\u00edfico-m\u00e9dico, a generar conciencia en toda la comunidad sobre este grave problema que afecta a toda la poblaci\u00f3n, en todos sus grupos etarios y socioecon\u00f3micos, sin excepci\u00f3n.<\/p>\n<p><img loading=\"lazy\" decoding=\"async\" class=\"alignright size-medium wp-image-141\" title=\"logo_sochob\" src=\"https:\/\/www.sochob.cl\/web\/wp-content\/uploads\/2008\/11\/logo_sochob.jpg\" alt=\"\" width=\"118\" height=\"128\" \/>Para ello, la SOCHOB desarrollar\u00e1 una variada l\u00ednea de acci\u00f3n para informar, educar, recomendar y orientar a la poblaci\u00f3n en c\u00f3mo lograr un nuevo Estilo de Vida Saludable.<\/p>\n<p>Esta nueva P\u00e1gina Web es un primer paso\u2026<\/p>\n<p>&nbsp;<\/p>\n<p>&nbsp;<\/p>\n<p>&nbsp;<\/p>\n","protected":false},"excerpt":{"rendered":"<p>En 1984, un grupo de m\u00e9dicos dedicados a la Obesidad, fundan una Corporaci\u00f3n Cient\u00edfica-M\u00e9dica para agrupar a todos aquellos profesionales de la salud que se relacionan con el manejo de esta \u201cepidemia del siglo XXI\u201d. Es as\u00ed como nace la Sociedad Chilena de Obesidad -SOCHOB-, pionera en Chile en el estudio de la prevalencia, diagn\u00f3stico [&hellip;]<\/p>\n","protected":false},"author":1,"featured_media":0,"parent":5,"menu_order":3,"comment_status":"closed","ping_status":"closed","template":"","meta":{"footnotes":""},"class_list":["post-38","page","type-page","status-publish","hentry"],"_links":{"self":[{"href":"https:\/\/www.sochob.cl\/web\/wp-json\/wp\/v2\/pages\/38","targetHints":{"allow":["GET"]}}],"collection":[{"href":"https:\/\/www.sochob.cl\/web\/wp-json\/wp\/v2\/pages"}],"about":[{"href":"https:\/\/www.sochob.cl\/web\/wp-json\/wp\/v2\/types\/page"}],"author":[{"embeddable":true,"href":"https:\/\/www.sochob.cl\/web\/wp-json\/wp\/v2\/users\/1"}],"replies":[{"embeddable":true,"href":"https:\/\/www.sochob.cl\/web\/wp-json\/wp\/v2\/comments?post=38"}],"version-history":[{"count":54,"href":"https:\/\/www.sochob.cl\/web\/wp-json\/wp\/v2\/pages\/38\/revisions"}],"predecessor-version":[{"id":675,"href":"https:\/\/www.sochob.cl\/web\/wp-json\/wp\/v2\/pages\/38\/revisions\/675"}],"up":[{"embeddable":true,"href":"https:\/\/www.sochob.cl\/web\/wp-json\/wp\/v2\/pages\/5"}],"wp:attachment":[{"href":"https:\/\/www.sochob.cl\/web\/wp-json\/wp\/v2\/media?parent=38"}],"curies":[{"name":"wp","href":"https:\/\/api.w.org\/{rel}","templated":true}]}}