{"id":1103,"date":"2008-12-04T14:32:15","date_gmt":"2008-12-04T18:32:15","guid":{"rendered":"http:\/\/www.sochob.cl\/web1\/?page_id=1103"},"modified":"2023-08-21T17:00:45","modified_gmt":"2023-08-21T21:00:45","slug":"requisitos-para-ser-socio-de-sochob","status":"publish","type":"page","link":"https:\/\/www.sochob.cl\/web1\/socios\/requisitos-para-ser-socio-de-sochob\/","title":{"rendered":"Requisitos de postulaci\u00f3n a socio\/a de SOCHOB"},"content":{"rendered":"<ul>\n<li style=\"text-align: justify;\">Ser profesional de la salud: M\u00e9dicos, Nutricionistas, Qu\u00edmicos- Farmac\u00e9uticos, Kinesi\u00f3logos, etc, debidamente acreditado con T\u00edtulo de Universidad chilena o extranjera (Fotocopia legalizada del T\u00edtulo).<\/li>\n<li style=\"text-align: justify;\">Presentar Curriculum Vitae, carnet de identidad por ambos lados y fotocopia de t\u00edtulo profesional legalizado ante notario, en papel y en pdf. La documentaci\u00f3n en papel debe ser enviada en carta certificada a nombre del Dr. Alex Valenzuela M,\u00a0 a\u00a0 Miguel Claro 195 Oficina 709, Providencia, mientras que la informaci\u00f3n en pdf\u00a0 deber\u00e1 ser remitida al correo de la SOCHOB (www.sociedadchilenadeobesidad@gmail.com).<\/li>\n<li style=\"text-align: justify;\">Una vez recibida toda la documentaci\u00f3n (papel y pdf) el Comit\u00e9 Directivo de la Sociedad Chilena de Obesidad seleccionar\u00e1 al postulante seg\u00fan la presentaci\u00f3n de sus antecedentes, reserv\u00e1ndose el derecho de aceptaci\u00f3n o rechazo, el que ser\u00e1 comunicado por v\u00eda email a su correo personal, en un plazo no superior a 2 meses de la solicitud.<\/li>\n<li style=\"text-align: justify;\">De ser aceptado como socio\/a deber\u00e1 cancelar una cuota de incorporaci\u00f3n de $35.000 por una vez y cuotas societarias mensuales de $10.000.<\/li>\n<\/ul>\n","protected":false},"excerpt":{"rendered":"<p>Ser profesional de la salud: M\u00e9dicos, Nutricionistas, Qu\u00edmicos- Farmac\u00e9uticos, Kinesi\u00f3logos, etc, debidamente acreditado con T\u00edtulo de Universidad chilena o extranjera (Fotocopia legalizada del T\u00edtulo). Presentar Curriculum Vitae, carnet de identidad por ambos lados y fotocopia de t\u00edtulo profesional legalizado ante notario, en papel y en pdf. La documentaci\u00f3n en papel debe ser enviada en carta [&hellip;]<\/p>\n","protected":false},"author":1,"featured_media":0,"parent":1077,"menu_order":0,"comment_status":"closed","ping_status":"closed","template":"","meta":{"_acf_changed":false,"footnotes":""},"class_list":["post-1103","page","type-page","status-publish","hentry"],"acf":[],"jetpack_sharing_enabled":true,"_links":{"self":[{"href":"https:\/\/www.sochob.cl\/web1\/wp-json\/wp\/v2\/pages\/1103","targetHints":{"allow":["GET"]}}],"collection":[{"href":"https:\/\/www.sochob.cl\/web1\/wp-json\/wp\/v2\/pages"}],"about":[{"href":"https:\/\/www.sochob.cl\/web1\/wp-json\/wp\/v2\/types\/page"}],"author":[{"embeddable":true,"href":"https:\/\/www.sochob.cl\/web1\/wp-json\/wp\/v2\/users\/1"}],"replies":[{"embeddable":true,"href":"https:\/\/www.sochob.cl\/web1\/wp-json\/wp\/v2\/comments?post=1103"}],"version-history":[{"count":16,"href":"https:\/\/www.sochob.cl\/web1\/wp-json\/wp\/v2\/pages\/1103\/revisions"}],"predecessor-version":[{"id":19526,"href":"https:\/\/www.sochob.cl\/web1\/wp-json\/wp\/v2\/pages\/1103\/revisions\/19526"}],"up":[{"embeddable":true,"href":"https:\/\/www.sochob.cl\/web1\/wp-json\/wp\/v2\/pages\/1077"}],"wp:attachment":[{"href":"https:\/\/www.sochob.cl\/web1\/wp-json\/wp\/v2\/media?parent=1103"}],"curies":[{"name":"wp","href":"https:\/\/api.w.org\/{rel}","templated":true}]}}