{"id":1106,"date":"2008-12-04T14:31:24","date_gmt":"2008-12-04T18:31:24","guid":{"rendered":"http:\/\/www.sochob.cl\/web1\/?page_id=1106"},"modified":"2019-09-02T20:54:50","modified_gmt":"2019-09-03T00:54:50","slug":"beneficios-exclusivos-para-nuestros-socios","status":"publish","type":"page","link":"https:\/\/www.sochob.cl\/web1\/socios\/beneficios-exclusivos-para-nuestros-socios\/","title":{"rendered":"Beneficios exclusivos para nuestros socios"},"content":{"rendered":"<ul>\n<li>Descuento de un 50% en el valor de la inscripci\u00f3n de todas las actividades cient\u00edficas &#8211; Cursos, simposios, congresos, etc\u2026- realizadas por SOCHOB.<\/li>\n<li>Entrega del Bolet\u00edn de Obesidad con actualizaci\u00f3n bibliogr\u00e1fica personalizada mensual, v\u00eda e-mail.<\/li>\n<li>Entrega de informaci\u00f3n peri\u00f3dica v\u00eda e-mail, sobre noticias nacionales e internacionales relevantes en el campo de la obesidad.<\/li>\n<li>Acceso a informaci\u00f3n bibliogr\u00e1fica de nuestra biblioteca.<\/li>\n<li>Participaci\u00f3n en nuestras reuniones cient\u00edficas de actualizaci\u00f3n en obesidad.<\/li>\n<\/ul>\n","protected":false},"excerpt":{"rendered":"<p>Descuento de un 50% en el valor de la inscripci\u00f3n de todas las actividades cient\u00edficas &#8211; Cursos, simposios, congresos, etc\u2026- realizadas por SOCHOB. Entrega del Bolet\u00edn de Obesidad con actualizaci\u00f3n bibliogr\u00e1fica personalizada mensual, v\u00eda e-mail. Entrega de informaci\u00f3n peri\u00f3dica v\u00eda e-mail, sobre noticias nacionales e internacionales relevantes en el campo de la obesidad. Acceso a [&hellip;]<\/p>\n","protected":false},"author":1,"featured_media":0,"parent":1077,"menu_order":0,"comment_status":"closed","ping_status":"closed","template":"","meta":{"_acf_changed":false,"footnotes":""},"class_list":["post-1106","page","type-page","status-publish","hentry"],"acf":[],"jetpack_sharing_enabled":true,"_links":{"self":[{"href":"https:\/\/www.sochob.cl\/web1\/wp-json\/wp\/v2\/pages\/1106","targetHints":{"allow":["GET"]}}],"collection":[{"href":"https:\/\/www.sochob.cl\/web1\/wp-json\/wp\/v2\/pages"}],"about":[{"href":"https:\/\/www.sochob.cl\/web1\/wp-json\/wp\/v2\/types\/page"}],"author":[{"embeddable":true,"href":"https:\/\/www.sochob.cl\/web1\/wp-json\/wp\/v2\/users\/1"}],"replies":[{"embeddable":true,"href":"https:\/\/www.sochob.cl\/web1\/wp-json\/wp\/v2\/comments?post=1106"}],"version-history":[{"count":8,"href":"https:\/\/www.sochob.cl\/web1\/wp-json\/wp\/v2\/pages\/1106\/revisions"}],"predecessor-version":[{"id":5488,"href":"https:\/\/www.sochob.cl\/web1\/wp-json\/wp\/v2\/pages\/1106\/revisions\/5488"}],"up":[{"embeddable":true,"href":"https:\/\/www.sochob.cl\/web1\/wp-json\/wp\/v2\/pages\/1077"}],"wp:attachment":[{"href":"https:\/\/www.sochob.cl\/web1\/wp-json\/wp\/v2\/media?parent=1106"}],"curies":[{"name":"wp","href":"https:\/\/api.w.org\/{rel}","templated":true}]}}