{"id":14,"date":"2008-10-23T05:41:13","date_gmt":"2008-10-23T03:41:13","guid":{"rendered":"http:\/\/www.sochob.cl\/web1\/?page_id=14"},"modified":"2008-12-12T11:19:00","modified_gmt":"2008-12-12T15:19:00","slug":"quienes-somos","status":"publish","type":"page","link":"https:\/\/www.sochob.cl\/web1\/sobre-nosotros\/quienes-somos\/","title":{"rendered":"Qui\u00e9nes Somos"},"content":{"rendered":"<table border=\"0\" cellspacing=\"0\" cellpadding=\"3\" width=\"100%\">\n<tbody>\n<tr>\n<td height=\"41\">\n<div id=\"titqsomos\">Misi\u00f3n:<\/div>\n<\/td>\n<\/tr>\n<tr>\n<td>La Sociedad Chilena de Obesidad es una Corporaci\u00f3n sin fines de lucro cuya misi\u00f3n es educar, promover e intercambiar, conocimientos y experiencias acerca de la Obesidad y sus patolog\u00edas asociadas, con profesionales nacionales e internacionales expertos en estas materias, tanto en el sector cient\u00edfico-m\u00e9dico como en el p\u00fablico general.<\/td>\n<\/tr>\n<tr>\n<td><\/td>\n<\/tr>\n<tr>\n<td height=\"41\">\n<div id=\"titqsomos\">Visi\u00f3n:<\/div>\n<\/td>\n<\/tr>\n<tr>\n<td>Nuestra visi\u00f3n es ser una Sociedad Cient\u00edfica l\u00edder en el pa\u00eds en el estudio de la Obesidad y sus enfermedades relacionadas, por su compromiso en el \u00e1rea de la docencia y la capacitaci\u00f3n de profesionales de la salud de Chile y del resto del mundo, a trav\u00e9s de un equipo de m\u00e9dicos altamente capacitados, de excelencia y de reconocimiento a nivel global.<\/td>\n<\/tr>\n<tr>\n<td><\/td>\n<\/tr>\n<tr>\n<td height=\"40\">\n<div id=\"titqsomos\">Objetivos:<\/div>\n<\/td>\n<\/tr>\n<tr>\n<td height=\"36\">\u2022    Mejorar la percepci\u00f3n ciudadana acerca de la importancia de adquirir un estilo de vida saludable<\/td>\n<\/tr>\n<tr>\n<td height=\"60\">\u2022    Desarrollar una campa\u00f1a de educaci\u00f3n p\u00fablica para concientizar a la poblaci\u00f3n y a las autoridades pertinentes respecto a la implantaci\u00f3n de medidas eficaces que promuevan h\u00e1bitos de vida sanos y que produzcan una reducci\u00f3n de las cifras de Obesidad en el pa\u00eds.<\/td>\n<\/tr>\n<tr>\n<td height=\"58\">\u2022     Crear una agrupaci\u00f3n de m\u00e9dicos y otros profesionales de la salud, legisladores, empresarios y comunidad en general, que trabajen en conjunto para alcanzar esta meta.<\/td>\n<\/tr>\n<tr>\n<td>\u2022    Identificar m\u00e9todos de reducci\u00f3n de la Obesidad que sean sensibles en la poblaci\u00f3n chilena, que funcionen y que puedan ser promovidos al interior de ella.<\/td>\n<\/tr>\n<\/tbody>\n<\/table>\n","protected":false},"excerpt":{"rendered":"<p>Misi\u00f3n: La Sociedad Chilena de Obesidad es una Corporaci\u00f3n sin fines de lucro cuya misi\u00f3n es educar, promover e intercambiar, conocimientos y experiencias acerca de la Obesidad y sus patolog\u00edas asociadas, con profesionales nacionales e internacionales expertos en estas materias, tanto en el sector cient\u00edfico-m\u00e9dico como en el p\u00fablico general. Visi\u00f3n: Nuestra visi\u00f3n es ser [&hellip;]<\/p>\n","protected":false},"author":1,"featured_media":0,"parent":2,"menu_order":0,"comment_status":"closed","ping_status":"closed","template":"","meta":{"_acf_changed":false,"footnotes":""},"class_list":["post-14","page","type-page","status-publish","hentry"],"acf":[],"jetpack_sharing_enabled":true,"_links":{"self":[{"href":"https:\/\/www.sochob.cl\/web1\/wp-json\/wp\/v2\/pages\/14","targetHints":{"allow":["GET"]}}],"collection":[{"href":"https:\/\/www.sochob.cl\/web1\/wp-json\/wp\/v2\/pages"}],"about":[{"href":"https:\/\/www.sochob.cl\/web1\/wp-json\/wp\/v2\/types\/page"}],"author":[{"embeddable":true,"href":"https:\/\/www.sochob.cl\/web1\/wp-json\/wp\/v2\/users\/1"}],"replies":[{"embeddable":true,"href":"https:\/\/www.sochob.cl\/web1\/wp-json\/wp\/v2\/comments?post=14"}],"version-history":[{"count":59,"href":"https:\/\/www.sochob.cl\/web1\/wp-json\/wp\/v2\/pages\/14\/revisions"}],"predecessor-version":[{"id":95,"href":"https:\/\/www.sochob.cl\/web1\/wp-json\/wp\/v2\/pages\/14\/revisions\/95"}],"up":[{"embeddable":true,"href":"https:\/\/www.sochob.cl\/web1\/wp-json\/wp\/v2\/pages\/2"}],"wp:attachment":[{"href":"https:\/\/www.sochob.cl\/web1\/wp-json\/wp\/v2\/media?parent=14"}],"curies":[{"name":"wp","href":"https:\/\/api.w.org\/{rel}","templated":true}]}}