{"id":18,"date":"2008-10-23T05:42:29","date_gmt":"2008-10-23T03:42:29","guid":{"rendered":"http:\/\/www.sochob.cl\/web1\/?page_id=18"},"modified":"2008-11-29T00:42:24","modified_gmt":"2008-11-29T04:42:24","slug":"informacion-general","status":"publish","type":"page","link":"https:\/\/www.sochob.cl\/web1\/sobre-nosotros\/informacion-general\/","title":{"rendered":"Informaci\u00f3n General"},"content":{"rendered":"<p style=\"text-align: justify;\"><img loading=\"lazy\" decoding=\"async\" class=\"alignleft size-full wp-image-647\" style=\"margin-left: 10px; margin-right: 10px;\" title=\"logo_sochob_old\" src=\"https:\/\/www.sochob.cl\/web1\/wp-content\/uploads\/2008\/11\/logo_sochob_old.jpg\" alt=\"\" width=\"110\" height=\"105\" \/>En 1984, un grupo de m\u00e9dicos dedicados a la Obesidad, fundan una Corporaci\u00f3n Cient\u00edfica-M\u00e9dica para agrupar a todos aquellos profesionales de la salud que se relacionan con el manejo de esta \u201cepidemia del siglo XXI\u201d. Es as\u00ed como nace la Sociedad Chilena de Obesidad -SOCHOB-, pionera en Chile en el estudio de la prevalencia, diagn\u00f3stico y tratamiento del sobrepeso y de la obesidad.<\/p>\n<p>A partir de su creaci\u00f3n en 1984, la SOCHOB se convierte en Corporaci\u00f3n Hu\u00e9sped del Colegio M\u00e9dico de Chile A.G. y, durante ese mismo a\u00f1o, pasa a ser Miembro de las Sociedades Cient\u00edficas de Chile.<\/p>\n<p>En 1990 se realiza en nuestro pa\u00eds el Primer Congreso Latinoamericano de Obesidad y en \u00e9l se crea, a instancia del Dr. V\u00edctor Saavedra G., en ese entonces Presidente de la SOCHOB, la Federaci\u00f3n Latinoamericana de Sociedades de Obesidad \u2013FLASO-, que agrupa a 18 pa\u00edses de Am\u00e9rica Latina y que fue liderada por \u00e9l en sus dos primeros a\u00f1os de vida.<\/p>\n<p style=\"text-align: justify;\"><img loading=\"lazy\" decoding=\"async\" class=\"alignright size-full wp-image-648\" style=\"margin-left: 10px; margin-right: 10px;\" title=\"logo_flaso\" src=\"https:\/\/www.sochob.cl\/web1\/wp-content\/uploads\/2008\/11\/logo_flaso.jpg\" alt=\"\" width=\"150\" height=\"102\" \/>Actualmente los pa\u00edses miembros de la FLASO son: Argentina, Brasil, Chile, Colombia, Costa Rica, Cuba, Ecuador, El Salvador, Guatemala, Honduras, Nicaragua, Panam\u00e1, Paraguay, Per\u00fa, Puerto Rico, Rep\u00fablica Dominicana, Uruguay y Venezuela.<\/p>\n<p>Cabe destacar que el Dr. Saavedra es el actual Presidente de nuestra Corporaci\u00f3n.<\/p>\n<p>En 1993 y como Representante de Chile, la SOCHOB ingresa a la International Association for the Study of Obesity \u2013IASO-, formando parte de su Consejo General.<\/p>\n<p><img loading=\"lazy\" decoding=\"async\" class=\"alignleft size-full wp-image-649\" style=\"margin-left: 10px; margin-right: 10px;\" title=\"logo_iaso\" src=\"https:\/\/www.sochob.cl\/web1\/wp-content\/uploads\/2008\/11\/logo_iaso.jpg\" alt=\"\" width=\"110\" height=\"59\" \/>La IASO concentra a las siguientes cuatro agrupaciones internacionales: La North American Association for the Study of Obesity \u2013NAASO-; la European Association for the Study of Obesity \u2013EASO-; la\u00a0 Asian Association for the Study of Obesity AASO \u2013, y la FLASO.<\/p>\n<p style=\"text-align: justify;\">Desde sus inicios hasta hoy, la Sociedad Chilena de Obesidad ha sido l\u00edder en la educaci\u00f3n e intercambio de conocimientos y experiencias con profesionales altamente capacitados y reconocidos a nivel mundial.<\/p>\n<p style=\"text-align: justify;\">Asimismo, ha marcado la diferencia por medio de sus publicaciones cient\u00edficas, su nivel de entrega comunitaria y educacional, y su desarrollo profesional orientado a controlar y disminuir este grave flagelo que afecta tanto a Chile como a muchos otros pa\u00edses del mundo.<\/p>\n<p style=\"text-align: justify;\">Para esto, a\u00f1o a a\u00f1o desarrolla diversos cursos, simposios congresos y reuniones cient\u00edficas a lo largo de todo el pa\u00eds, que re\u00fanen a destacados profesionales de la salud en el campo de la obesidad y sus patolog\u00edas asociadas. Durante el 2008, se destaca la realizaci\u00f3n de diversos seminarios y eventos formativos en Antofagasta, Iquique, La Serena, Vi\u00f1a del Mar y Concepci\u00f3n, entre otras ciudades. Adem\u00e1s, la Corporaci\u00f3n organiza todos los a\u00f1os su Congreso Internacional de Obesidad de gran envergadura, por su alta convocatoria y calidad cient\u00edfica.<\/p>\n<p style=\"text-align: justify;\"><a href=\"https:\/\/www.sochob.cl\/web1\/wp-content\/uploads\/2008\/11\/xcongreso.jpg\"><img loading=\"lazy\" decoding=\"async\" class=\"alignleft size-full wp-image-651\" style=\"margin-left: 10px; margin-right: 10px;\" title=\"xcongreso\" src=\"https:\/\/www.sochob.cl\/web1\/wp-content\/uploads\/2008\/11\/xcongreso.jpg\" alt=\"\" width=\"110\" height=\"131\" \/><\/a>El notable \u00e9xito obtenido en el <strong>X Congreso Internacional de Obesidad <\/strong>por ejemplo, que fue recientemente organizado por la SOCHOB en el mes de Agosto en el Hotel Sheraton-Santiago, se reflej\u00f3 en el creciente n\u00famero de asistentes con respecto a a\u00f1os anteriores.<\/p>\n<p style=\"text-align: justify;\">Del mismo modo, las cifras difundidas sobre el alarmante aumento de los \u00edndices de obesidad y sobrepeso que se han registrado en Chile en estos \u00faltimos a\u00f1os, han obligado a la Sociedad Chilena de Obesidad a adoptar una decidida orientaci\u00f3n en pos de controlar y disminuir este grave flagelo que afecta a 3 de cada 5 chilenos hoy en d\u00eda.<\/p>\n<p style=\"text-align: justify;\">Lo anterior, sumado a que la obesidad y sus patolog\u00edas asociadas son la primera causa de muerte del pa\u00eds, significando enormes costos econ\u00f3micos para las familias, las Instituciones de Salud -tanto p\u00fablicas como privadas-, el Estado, las Universidades e Institutos Profesionales, los Colegios, las Asociaciones y la Comunidad en general.<\/p>\n<p style=\"text-align: justify;\"><img loading=\"lazy\" decoding=\"async\" class=\"alignright size-full wp-image-652\" style=\"margin-left: 10px; margin-right: 10px;\" title=\"logo_sochob\" src=\"https:\/\/www.sochob.cl\/web1\/wp-content\/uploads\/2008\/11\/logo_sochob.jpg\" alt=\"\" width=\"118\" height=\"128\" \/>Creemos que la mejor forma de abordar esta patolog\u00eda, que no olvidemos tiene caracter\u00edsticas de epidemia, es a trav\u00e9s del conocimiento de la obesidad, por lo que invitamos a todos aquellos profesionales de la salud que tengan inter\u00e9s por aprender y compartir experiencias con respecto a esta enfermedad, a participar de nuestras actividades cient\u00edficas y unificar criterios.<\/p>\n<p style=\"text-align: justify;\">Esta nueva P\u00e1gina Web es un primer paso\u2026<\/p>\n<p>&nbsp;<\/p>\n<p>&nbsp;<\/p>\n","protected":false},"excerpt":{"rendered":"<p>En 1984, un grupo de m\u00e9dicos dedicados a la Obesidad, fundan una Corporaci\u00f3n Cient\u00edfica-M\u00e9dica para agrupar a todos aquellos profesionales de la salud que se relacionan con el manejo de esta \u201cepidemia del siglo XXI\u201d. Es as\u00ed como nace la Sociedad Chilena de Obesidad -SOCHOB-, pionera en Chile en el estudio de la prevalencia, diagn\u00f3stico [&hellip;]<\/p>\n","protected":false},"author":1,"featured_media":0,"parent":2,"menu_order":3,"comment_status":"closed","ping_status":"closed","template":"","meta":{"_acf_changed":false,"footnotes":""},"class_list":["post-18","page","type-page","status-publish","hentry"],"acf":[],"jetpack_sharing_enabled":true,"_links":{"self":[{"href":"https:\/\/www.sochob.cl\/web1\/wp-json\/wp\/v2\/pages\/18","targetHints":{"allow":["GET"]}}],"collection":[{"href":"https:\/\/www.sochob.cl\/web1\/wp-json\/wp\/v2\/pages"}],"about":[{"href":"https:\/\/www.sochob.cl\/web1\/wp-json\/wp\/v2\/types\/page"}],"author":[{"embeddable":true,"href":"https:\/\/www.sochob.cl\/web1\/wp-json\/wp\/v2\/users\/1"}],"replies":[{"embeddable":true,"href":"https:\/\/www.sochob.cl\/web1\/wp-json\/wp\/v2\/comments?post=18"}],"version-history":[{"count":18,"href":"https:\/\/www.sochob.cl\/web1\/wp-json\/wp\/v2\/pages\/18\/revisions"}],"predecessor-version":[{"id":685,"href":"https:\/\/www.sochob.cl\/web1\/wp-json\/wp\/v2\/pages\/18\/revisions\/685"}],"up":[{"embeddable":true,"href":"https:\/\/www.sochob.cl\/web1\/wp-json\/wp\/v2\/pages\/2"}],"wp:attachment":[{"href":"https:\/\/www.sochob.cl\/web1\/wp-json\/wp\/v2\/media?parent=18"}],"curies":[{"name":"wp","href":"https:\/\/api.w.org\/{rel}","templated":true}]}}