{"id":5742,"date":"2019-12-06T07:09:18","date_gmt":"2019-12-06T11:09:18","guid":{"rendered":"https:\/\/www.sochob.cl\/web1\/?page_id=5742"},"modified":"2026-01-17T22:02:32","modified_gmt":"2026-01-18T02:02:32","slug":"actividades-cientificas-nacionales-2024","status":"publish","type":"page","link":"https:\/\/www.sochob.cl\/web1\/actividades-cientificas-nacionales-2024\/","title":{"rendered":"Actividades Cient\u00edficas Nacionales 2026"},"content":{"rendered":"<p style=\"font-weight: 400;\"><a href=\"https:\/\/cursosdeobesidad.cl\/detalle\"><span style=\"color: #3366ff; font-family: arial, helvetica, sans-serif; font-size: 12pt;\"><strong>CURSO ONLINE DE POSGRADO EN EDUCACI\u00d3N CONTINUA EN OBESIDAD 2026<\/strong><\/span><\/a><\/p>\n<p><span style=\"font-family: arial, helvetica, sans-serif; font-size: 12pt;\"><strong>Inicio:<\/strong>\u00a0 09 de Abril 2026<\/span><\/p>\n<p><span style=\"font-family: arial, helvetica, sans-serif; font-size: 12pt;\"><strong>Finalizaci\u00f3n:<\/strong> 26 de Mayo 2026<\/span><\/p>\n<p><span style=\"font-family: arial, helvetica, sans-serif; font-size: 12pt;\"><strong>Modalidad:<\/strong> Clases online en directo v\u00eda zoom (clases quedan grabadas)<\/span><\/p>\n<p><span style=\"font-family: arial, helvetica, sans-serif; font-size: 12pt;\"><strong>Clases:<\/strong> Martes y jueves a las 20:00 horas (90 minutos de duraci\u00f3n)<\/span><\/p>\n<p><span style=\"font-family: arial, helvetica, sans-serif; font-size: 12pt;\"><strong>Dirigido: <\/strong>Profesionales universitarios de la salud (m\u00e9dicos, nutricionistas, etc)<\/span><\/p>\n<p><span style=\"font-family: arial, helvetica, sans-serif; font-size: 12pt;\"><strong>Certificaci\u00f3n:<\/strong> Sociedad Chilena de Obesidad<\/span><\/p>\n<p><span style=\"font-family: arial, helvetica, sans-serif; font-size: 12pt;\"><strong>Informaci\u00f3n:<\/strong> <a href=\"https:\/\/cursosdeobesidad.cl\/detalle\">Curso Online Obesidad 2026<\/a><\/span><\/p>\n<p>&nbsp;<\/p>\n<p style=\"font-weight: 400;\"><span style=\"color: #3366ff; font-family: arial, helvetica, sans-serif; font-size: 12pt;\"><strong>DIPLOMADO DE POST\u00cdTULO EN OBESIDAD INFANTIL. INTA. UNIVERSIDAD DE CHILE 2026<\/strong><\/span><\/p>\n<p><span style=\"font-family: arial, helvetica, sans-serif; font-size: 12pt;\"><strong>Inicio:<\/strong>\u00a0 28 de Abril 2026\u00a0<\/span><\/p>\n<p><span style=\"font-family: arial, helvetica, sans-serif; font-size: 12pt;\"><strong>Finalizaci\u00f3n:<\/strong> 18 de Diciembre 2026<\/span><\/p>\n<p><span style=\"font-family: arial, helvetica, sans-serif; font-size: 12pt;\"><strong>Postulaciones<\/strong>: Octubre 2025 &#8211; Abril 2026<\/span><\/p>\n<p><span style=\"font-family: arial, helvetica, sans-serif; font-size: 12pt;\"><strong>Modalidad:<\/strong> Online<\/span><\/p>\n<p><span style=\"font-family: arial, helvetica, sans-serif; font-size: 12pt;\"><b>Dedicaci\u00f3n horaria: <\/b>El diplomado tiene una duraci\u00f3n de 272 horas. El alumno debe dedicar 8 horas semanales.<\/span><\/p>\n<p><span style=\"font-family: arial, helvetica, sans-serif; font-size: 12pt;\"><strong>Dirigido: <\/strong>Profesionales del \u00e1rea de la salud y educaci\u00f3n en Chile, Am\u00e9rica Latina y el Caribe.<\/span><\/p>\n<p><span style=\"font-family: arial, helvetica, sans-serif; font-size: 12pt;\"><strong>Directora acad\u00e9mica:<\/strong> Dra. Raquel Burrows<\/span><\/p>\n<p><span style=\"font-family: arial, helvetica, sans-serif; font-size: 12pt;\"><strong>Programa: <\/strong><a href=\"https:\/\/www.sochob.cl\/web1\/wp-content\/uploads\/2025\/09\/Diploma-de-Postitulo-en-Obesidad-Infantil.pdf\">Diplomado de Post\u00edtulo en Obesidad Infantil 2026<\/a><\/span><\/p>\n<p><span style=\"font-family: arial, helvetica, sans-serif; font-size: 12pt;\"><strong>Informaci\u00f3n:<\/strong> Sra. Ang\u00e9lica Guti\u00e9rrez <strong>e-mail:<\/strong> educacioncontinua@inta.uchile.cl\u00a0 \u00a0 \u00a0 \u00a0<\/span><\/p>\n<p><span style=\"font-family: arial, helvetica, sans-serif; font-size: 12pt;\"><strong>Web:<\/strong> \u00a0https:\/\/mi.inta.cl\/obesidad-infantil<\/span><\/p>\n<p>&nbsp;<\/p>\n<p><span style=\"color: #3366ff; font-family: arial, helvetica, sans-serif; font-size: 12pt;\"><b>XXVIII CONGRESO CHILENO DE OBESIDAD 2026<\/b><\/span><\/p>\n<p><span style=\"font-size: 12pt; font-family: arial, helvetica, sans-serif;\"><strong>Fecha: <\/strong>31 de Julio\u00a0 &#8211; 01\u00a0 de agosto 2026<\/span><\/p>\n<p><span style=\"font-size: 12pt; font-family: arial, helvetica, sans-serif;\"><strong>Modalidad:<\/strong> Presencial<\/span><\/p>\n<p><span style=\"font-size: 12pt; font-family: arial, helvetica, sans-serif;\"><strong>Lugar: <\/strong>Hotel Intercontinental 2885 &#8211; Vitacura &#8211; Santiago<\/span><\/p>\n<p><span style=\"font-family: arial, helvetica, sans-serif; font-size: 12pt;\"><strong>Organiza:<\/strong> Sociedad Chilena de Obesidad<\/span><\/p>\n<p><span style=\"font-family: arial, helvetica, sans-serif; font-size: 12pt;\"><strong>Programa e inscripciones: <\/strong>Se dar\u00e1 a conocer en junio 2026<\/span><\/p>\n<p><span style=\"font-family: arial, helvetica, sans-serif; font-size: 12pt;\"><strong>Informaci\u00f3n: <\/strong>congresosochob2026@gmail.com \u2013 <a href=\"mailto:sociedadchilenadeobesidad@gmail.com\">sociedadchilenadeobesidad@gmail.com<\/a><\/span><\/p>\n<p>&nbsp;<\/p>\n<p>&nbsp;<\/p>\n<p>&nbsp;<\/p>\n<p>&nbsp;<\/p>\n<p>&nbsp;<\/p>\n<p>&nbsp;<\/p>\n<p style=\"font-weight: 400;\">\u00a0<\/p>\n","protected":false},"excerpt":{"rendered":"<p>CURSO ONLINE DE POSGRADO EN EDUCACI\u00d3N CONTINUA EN OBESIDAD 2026 Inicio:\u00a0 09 de Abril 2026 Finalizaci\u00f3n: 26 de Mayo 2026 Modalidad: Clases online en directo v\u00eda zoom (clases quedan grabadas) Clases: Martes y jueves a las 20:00 horas (90 minutos de duraci\u00f3n) Dirigido: Profesionales universitarios de la salud (m\u00e9dicos, nutricionistas, etc) Certificaci\u00f3n: Sociedad Chilena de [&hellip;]<\/p>\n","protected":false},"author":3,"featured_media":0,"parent":0,"menu_order":0,"comment_status":"closed","ping_status":"closed","template":"","meta":{"_acf_changed":false,"footnotes":""},"class_list":["post-5742","page","type-page","status-publish","hentry"],"acf":[],"jetpack_sharing_enabled":true,"_links":{"self":[{"href":"https:\/\/www.sochob.cl\/web1\/wp-json\/wp\/v2\/pages\/5742","targetHints":{"allow":["GET"]}}],"collection":[{"href":"https:\/\/www.sochob.cl\/web1\/wp-json\/wp\/v2\/pages"}],"about":[{"href":"https:\/\/www.sochob.cl\/web1\/wp-json\/wp\/v2\/types\/page"}],"author":[{"embeddable":true,"href":"https:\/\/www.sochob.cl\/web1\/wp-json\/wp\/v2\/users\/3"}],"replies":[{"embeddable":true,"href":"https:\/\/www.sochob.cl\/web1\/wp-json\/wp\/v2\/comments?post=5742"}],"version-history":[{"count":140,"href":"https:\/\/www.sochob.cl\/web1\/wp-json\/wp\/v2\/pages\/5742\/revisions"}],"predecessor-version":[{"id":26100,"href":"https:\/\/www.sochob.cl\/web1\/wp-json\/wp\/v2\/pages\/5742\/revisions\/26100"}],"wp:attachment":[{"href":"https:\/\/www.sochob.cl\/web1\/wp-json\/wp\/v2\/media?parent=5742"}],"curies":[{"name":"wp","href":"https:\/\/api.w.org\/{rel}","templated":true}]}}