{"id":5748,"date":"2019-12-06T07:10:31","date_gmt":"2019-12-06T11:10:31","guid":{"rendered":"https:\/\/www.sochob.cl\/web1\/?page_id=5748"},"modified":"2026-01-30T11:11:39","modified_gmt":"2026-01-30T15:11:39","slug":"actividades-cientificas-internacionales-2020","status":"publish","type":"page","link":"https:\/\/www.sochob.cl\/web1\/actividades-cientificas-internacionales-2020\/","title":{"rendered":"Actividades Cient\u00edficas Internacionales 2026"},"content":{"rendered":"<p><a href=\"https:\/\/nutritioncare.org\/conference\/\"><span style=\"font-size: 14pt; font-family: arial, helvetica, sans-serif;\"><strong>ASPEN 2026 Nutrition Science &amp; Practice Conference<\/strong><\/span><\/a><\/p>\n<p><span style=\"font-family: arial, helvetica, sans-serif; font-size: 14pt;\"><strong>Fecha:<\/strong> 14 &#8211; 17 Febrero 2026<\/span><\/p>\n<p><span style=\"font-family: arial, helvetica, sans-serif; font-size: 14pt;\"><strong>Lugar:<\/strong> Long Beach, California, Estados Unidos<\/span><\/p>\n<p><span style=\"font-family: arial, helvetica, sans-serif; font-size: 14pt;\"><strong>Modalidad: <\/strong>H\u00edbrida<\/span><\/p>\n<p><span style=\"font-family: arial, helvetica, sans-serif; font-size: 14pt;\"><strong>Informaci\u00f3n:<\/strong> <a href=\"https:\/\/nutritioncare.org\/conference\/\">ASPEN2026<\/a><\/span><\/p>\n<p><span style=\"font-family: arial, helvetica, sans-serif; font-size: 14pt;\"><strong>Organiza:<\/strong> American Society for Parenteral and Enteral Nutrition (ASPEN)<\/span><\/p>\n<p>&nbsp;<\/p>\n<p data-fontsize=\"40\" data-lineheight=\"40px\"><strong><a href=\"https:\/\/eco2026.org\/\"><span style=\"font-family: arial, helvetica, sans-serif; font-size: 14pt;\">33rd European Congress on Obesity (ECO2026)<\/span><\/a><\/strong><\/p>\n<p data-fontsize=\"40\" data-lineheight=\"40px\"><span style=\"font-family: arial, helvetica, sans-serif; font-size: 14pt;\"><strong>Fecha:<\/strong> 12 &#8211; 15 Mayo 2026<\/span><\/p>\n<p data-fontsize=\"40\" data-lineheight=\"40px\"><span style=\"font-size: 14pt; font-family: arial, helvetica, sans-serif;\"><strong>Lugar:<\/strong> Estambul, Turqu\u00eda.<\/span><\/p>\n<p data-fontsize=\"40\" data-lineheight=\"40px\"><span style=\"font-family: arial, helvetica, sans-serif; font-size: 14pt;\"><strong>Modalidad:<\/strong> Presencial<\/span><\/p>\n<p data-fontsize=\"40\" data-lineheight=\"40px\"><span style=\"font-family: arial, helvetica, sans-serif; font-size: 14pt;\"><strong>Informaci\u00f3n e Inscripci\u00f3n:<\/strong> <a class=\"css-1jxf684 r-bcqeeo r-1ttztb7 r-qvutc0 r-poiln3 r-1wvb978 r-1ny4l3l r-1ddef8g r-tjvw6i r-1loqt21\" dir=\"ltr\" role=\"link\" href=\"https:\/\/t.co\/Hx8lJZtiPL\" target=\"_blank\" rel=\"noopener noreferrer nofollow\"><span dir=\"auto\">eco2026.org<\/span><\/a><\/span><\/p>\n<p data-fontsize=\"40\" data-lineheight=\"40px\"><span style=\"font-family: arial, helvetica, sans-serif; font-size: 14pt;\"><strong>Organiza:<\/strong> \u00a0EASO (European Association for the Study of Obesity)<\/span><\/p>\n<p data-fontsize=\"40\" data-lineheight=\"40px\">\u00a0<\/p>\n<p class=\"text-title-xs lg:text-title-md mb-4 md:px-14 lg:px-32\"><a href=\"https:\/\/icocongress.com\/\"><strong><span style=\"font-family: arial, helvetica, sans-serif; font-size: 14pt;\">International Congress on Obesity 2026 (ICO2026)<\/span><\/strong><\/a><\/p>\n<p><span style=\"font-size: 14pt; font-family: arial, helvetica, sans-serif;\"><strong>Fecha:<\/strong> 15 &#8211; 17 Julio 2026<\/span><\/p>\n<p><span style=\"font-family: arial, helvetica, sans-serif; font-size: 14pt;\"><strong>Lugar:<\/strong> Ciudad de M\u00e9xico, M\u00e9xico.<\/span><\/p>\n<p><span style=\"font-family: arial, helvetica, sans-serif; font-size: 14pt;\"><strong>Modalidad:<\/strong> Presencial<\/span><\/p>\n<p><span style=\"font-family: arial, helvetica, sans-serif; font-size: 14pt;\"><strong>Informaci\u00f3n:<\/strong><a href=\"https:\/\/icocongress.com\/\"> ICO2026<\/a><\/span><\/p>\n<p><span style=\"font-family: arial, helvetica, sans-serif; font-size: 14pt;\"><strong>Organiza: <\/strong>World Obesity Federation &#8211; Sociedad Mexicana de Obesidad<\/span><\/p>\n<p>&nbsp;<\/p>\n<p><span style=\"font-family: arial, helvetica, sans-serif; font-size: 14pt;\"><a href=\"https:\/\/ifso2026.org\/?utm_source=google&amp;utm_medium=search&amp;utm_campaign=awareness1612&amp;gad_source=1&amp;gad_campaignid=23344865949&amp;gbraid=0AAAAA9-_5xuNDtLkxJmAiaCNQit6KH7ec&amp;gclid=Cj0KCQiAyvHLBhDlARIsAHxl6xroxe4pPA6JJtQ7pt8yl8SKCbHmZfdw0QNoaquBq8PeY09gMpLc0ZIaAse2EALw_wcB\"><strong>XXIX IFSO World Congress (IFSO 2026)\u00a0<\/strong><\/a><\/span><\/p>\n<p><span style=\"font-family: arial, helvetica, sans-serif; font-size: 14pt;\"><strong>Fecha:<\/strong> 1 &#8211; 4 Septiembre 2026<\/span><\/p>\n<p><span style=\"font-family: arial, helvetica, sans-serif; font-size: 14pt;\"><strong>Lugar:<\/strong> Toronto, Canad\u00e1<\/span><\/p>\n<p><span style=\"font-family: arial, helvetica, sans-serif; font-size: 14pt;\"><strong>Modalidad:\u00a0<\/strong>Presencial<\/span><\/p>\n<p><span style=\"font-family: arial, helvetica, sans-serif; font-size: 14pt;\"><strong>Informaci\u00f3n<\/strong>: <a href=\"https:\/\/ifso2026.org\/?utm_source=google&amp;utm_medium=search&amp;utm_campaign=awareness1612&amp;gad_source=1&amp;gad_campaignid=23344865949&amp;gbraid=0AAAAA9-_5xuNDtLkxJmAiaCNQit6KH7ec&amp;gclid=Cj0KCQiAyvHLBhDlARIsAHxl6xroxe4pPA6JJtQ7pt8yl8SKCbHmZfdw0QNoaquBq8PeY09gMpLc0ZIaAse2EALw_wcB\">IFSO2026<\/a><\/span><\/p>\n<p><span style=\"font-family: arial, helvetica, sans-serif; font-size: 14pt;\"><strong>Organiza:<\/strong> International Federation for the Surgery of Obesity and Metabolic Disorders (IFSO)<\/span><\/p>\n<p data-fontsize=\"40\" data-lineheight=\"40px\">\u00a0<\/p>\n<p><span style=\"font-size: 14pt; font-family: arial, helvetica, sans-serif;\"><strong><a href=\"https:\/\/obesityworldconference.com\/\">6th Edition of World Obesity and Weight Management Congress<\/a><\/strong><\/span><\/p>\n<p><span style=\"font-family: arial, helvetica, sans-serif; font-size: 14pt;\"><strong>Fecha:<\/strong> 19 &#8211; 21 Octubre 2026<\/span><\/p>\n<p><span style=\"font-family: arial, helvetica, sans-serif; font-size: 14pt;\"><strong>Lugar:<\/strong> Hilton Boston\/Woburn, Woburn, Massachusetts, Estados Unidos<\/span><\/p>\n<p><span style=\"font-size: 14pt; font-family: arial, helvetica, sans-serif;\"><strong>Modalidad:<\/strong> H\u00edbrida<\/span><\/p>\n<p><span style=\"font-size: 14pt; font-family: arial, helvetica, sans-serif;\"><strong>Informaci\u00f3n: <\/strong><a href=\"https:\/\/obesityworldconference.com\/\">Obesityworldconference<\/a><\/span><\/p>\n<p><span style=\"font-family: arial, helvetica, sans-serif; font-size: 14pt;\"><strong>Organiza:<\/strong> Magnus Group<\/span><\/p>\n<p>&nbsp;<\/p>\n<p><span style=\"font-family: arial, helvetica, sans-serif; font-size: 14pt;\"><a href=\"https:\/\/obesityweek.org\/attend\/future-dates\/\"><strong>Obesityweek 2026<\/strong><\/a><\/span><\/p>\n<p><span style=\"font-family: arial, helvetica, sans-serif; font-size: 14pt;\"><strong>Fecha:<\/strong> 14 &#8211; 17 Noviembre 2026<\/span><\/p>\n<p><span style=\"font-family: arial, helvetica, sans-serif; font-size: 14pt;\"><strong>Lugar:<\/strong> Washington DC, Estados Unidos<\/span><\/p>\n<p><span style=\"font-family: arial, helvetica, sans-serif; font-size: 14pt;\"><strong>Modalidad:<\/strong> H\u00edbrida<\/span><\/p>\n<p><span style=\"font-family: arial, helvetica, sans-serif; font-size: 14pt;\"><strong>Informaci\u00f3n:<\/strong> <a href=\"https:\/\/obesityweek.org\/attend\/future-dates\/\">Obesityweek2026<\/a><\/span><\/p>\n<p><span style=\"font-family: arial, helvetica, sans-serif; font-size: 14pt;\"><strong>Organiza:<\/strong> The Obesity Society<\/span><\/p>\n","protected":false},"excerpt":{"rendered":"<p>ASPEN 2026 Nutrition Science &amp; Practice Conference Fecha: 14 &#8211; 17 Febrero 2026 Lugar: Long Beach, California, Estados Unidos Modalidad: H\u00edbrida Informaci\u00f3n: ASPEN2026 Organiza: American Society for Parenteral and Enteral Nutrition (ASPEN) &nbsp; 33rd European Congress on Obesity (ECO2026) Fecha: 12 &#8211; 15 Mayo 2026 Lugar: Estambul, Turqu\u00eda. Modalidad: Presencial Informaci\u00f3n e Inscripci\u00f3n: eco2026.org Organiza: [&hellip;]<\/p>\n","protected":false},"author":3,"featured_media":0,"parent":0,"menu_order":0,"comment_status":"closed","ping_status":"closed","template":"","meta":{"_acf_changed":false,"footnotes":""},"class_list":["post-5748","page","type-page","status-publish","hentry"],"acf":[],"jetpack_sharing_enabled":true,"_links":{"self":[{"href":"https:\/\/www.sochob.cl\/web1\/wp-json\/wp\/v2\/pages\/5748","targetHints":{"allow":["GET"]}}],"collection":[{"href":"https:\/\/www.sochob.cl\/web1\/wp-json\/wp\/v2\/pages"}],"about":[{"href":"https:\/\/www.sochob.cl\/web1\/wp-json\/wp\/v2\/types\/page"}],"author":[{"embeddable":true,"href":"https:\/\/www.sochob.cl\/web1\/wp-json\/wp\/v2\/users\/3"}],"replies":[{"embeddable":true,"href":"https:\/\/www.sochob.cl\/web1\/wp-json\/wp\/v2\/comments?post=5748"}],"version-history":[{"count":103,"href":"https:\/\/www.sochob.cl\/web1\/wp-json\/wp\/v2\/pages\/5748\/revisions"}],"predecessor-version":[{"id":26340,"href":"https:\/\/www.sochob.cl\/web1\/wp-json\/wp\/v2\/pages\/5748\/revisions\/26340"}],"wp:attachment":[{"href":"https:\/\/www.sochob.cl\/web1\/wp-json\/wp\/v2\/media?parent=5748"}],"curies":[{"name":"wp","href":"https:\/\/api.w.org\/{rel}","templated":true}]}}